{"id":273,"date":"2020-07-08T16:16:25","date_gmt":"2020-07-08T19:16:25","guid":{"rendered":"https:\/\/www.blogs.unicamp.br\/tecsaude\/?page_id=273"},"modified":"2020-07-08T16:58:47","modified_gmt":"2020-07-08T19:58:47","slug":"nats","status":"publish","type":"page","link":"https:\/\/www.blogs.unicamp.br\/tecsaude\/nats\/","title":{"rendered":"NATS"},"content":{"rendered":"\n<p>O N\u00facleo de Avalia\u00e7\u00e3o de Tecnologias em Sa\u00fade est\u00e1 localizado no Hospital de Cl\u00ednicas da Unicamp e tem por finalidade subsidiar a tomada de decis\u00f5es em sa\u00fade.<\/p>\n\n\n\n<p><a href=\"https:\/\/hc.unicamp.br\/qualidade\/\"><img fetchpriority=\"high\" decoding=\"async\" width=\"1066\" height=\"684\" class=\"wp-image-50\" style=\"width: 150px\" src=\"https:\/\/www.blogs.unicamp.br\/tecsaude\/wp-content\/uploads\/sites\/176\/2018\/07\/ADD885A7-1188-41BD-ABF8-AAA570529ED2.jpeg\" alt=\"\" srcset=\"https:\/\/www.blogs.unicamp.br\/tecsaude\/wp-content\/uploads\/sites\/176\/2018\/07\/ADD885A7-1188-41BD-ABF8-AAA570529ED2.jpeg 1066w, https:\/\/www.blogs.unicamp.br\/tecsaude\/wp-content\/uploads\/sites\/176\/2018\/07\/ADD885A7-1188-41BD-ABF8-AAA570529ED2-300x192.jpeg 300w, https:\/\/www.blogs.unicamp.br\/tecsaude\/wp-content\/uploads\/sites\/176\/2018\/07\/ADD885A7-1188-41BD-ABF8-AAA570529ED2-768x493.jpeg 768w, https:\/\/www.blogs.unicamp.br\/tecsaude\/wp-content\/uploads\/sites\/176\/2018\/07\/ADD885A7-1188-41BD-ABF8-AAA570529ED2-1024x657.jpeg 1024w\" sizes=\"(max-width: 1066px) 100vw, 1066px\" \/><\/a><\/p>\n","protected":false},"excerpt":{"rendered":"<p>O N\u00facleo de Avalia\u00e7\u00e3o de Tecnologias em Sa\u00fade est\u00e1 localizado no Hospital de Cl\u00ednicas da Unicamp e tem por finalidade subsidiar a tomada de decis\u00f5es em sa\u00fade.<\/p>\n","protected":false},"author":346,"featured_media":0,"parent":0,"menu_order":0,"comment_status":"closed","ping_status":"closed","template":"","meta":{"_monsterinsights_skip_tracking":false,"_monsterinsights_sitenote_active":false,"_monsterinsights_sitenote_note":"","_monsterinsights_sitenote_category":0,"pgc_sgb_lightbox_settings":"","_vp_format_video_url":"","_vp_image_focal_point":[],"footnotes":""},"class_list":["post-273","page","type-page","status-publish","hentry"],"_links":{"self":[{"href":"https:\/\/www.blogs.unicamp.br\/tecsaude\/wp-json\/wp\/v2\/pages\/273","targetHints":{"allow":["GET"]}}],"collection":[{"href":"https:\/\/www.blogs.unicamp.br\/tecsaude\/wp-json\/wp\/v2\/pages"}],"about":[{"href":"https:\/\/www.blogs.unicamp.br\/tecsaude\/wp-json\/wp\/v2\/types\/page"}],"author":[{"embeddable":true,"href":"https:\/\/www.blogs.unicamp.br\/tecsaude\/wp-json\/wp\/v2\/users\/346"}],"replies":[{"embeddable":true,"href":"https:\/\/www.blogs.unicamp.br\/tecsaude\/wp-json\/wp\/v2\/comments?post=273"}],"version-history":[{"count":4,"href":"https:\/\/www.blogs.unicamp.br\/tecsaude\/wp-json\/wp\/v2\/pages\/273\/revisions"}],"predecessor-version":[{"id":286,"href":"https:\/\/www.blogs.unicamp.br\/tecsaude\/wp-json\/wp\/v2\/pages\/273\/revisions\/286"}],"wp:attachment":[{"href":"https:\/\/www.blogs.unicamp.br\/tecsaude\/wp-json\/wp\/v2\/media?parent=273"}],"curies":[{"name":"wp","href":"https:\/\/api.w.org\/{rel}","templated":true}]}}