{"id":73,"date":"2018-07-04T10:23:10","date_gmt":"2018-07-04T13:23:10","guid":{"rendered":"https:\/\/www.blogs.unicamp.br\/tecsaude\/?page_id=73"},"modified":"2020-07-08T18:13:18","modified_gmt":"2020-07-08T21:13:18","slug":"blogring","status":"publish","type":"page","link":"https:\/\/www.blogs.unicamp.br\/tecsaude\/blogring\/","title":{"rendered":"Blogring"},"content":{"rendered":"<p><strong>TecSa\u00fade<\/strong> faz parte de uma rede de blogs de divulga\u00e7\u00e3o cient\u00edfica da Universidade Estadual de Campinas (UNICAMP). Acesse outros blogs da rede e conhe\u00e7a mais sobre esse projeto.<\/p>\n\n\n<div class=\"wp-block-image\"><figure class=\"aligncenter size-large\"><a href=\"https:\/\/www.blogs.unicamp.br\/\"><img fetchpriority=\"high\" decoding=\"async\" width=\"303\" height=\"166\" src=\"https:\/\/www.blogs.unicamp.br\/tecsaude\/wp-content\/uploads\/sites\/176\/2020\/07\/download.png\" alt=\"\" class=\"wp-image-295\" srcset=\"https:\/\/www.blogs.unicamp.br\/tecsaude\/wp-content\/uploads\/sites\/176\/2020\/07\/download.png 303w, https:\/\/www.blogs.unicamp.br\/tecsaude\/wp-content\/uploads\/sites\/176\/2020\/07\/download-300x164.png 300w\" sizes=\"(max-width: 303px) 100vw, 303px\" \/><\/a><\/figure><\/div>\n","protected":false},"excerpt":{"rendered":"<p>TecSa\u00fade faz parte de uma rede de blogs de divulga\u00e7\u00e3o cient\u00edfica da Universidade Estadual de Campinas (UNICAMP). Acesse outros blogs da rede e conhe\u00e7a mais sobre esse projeto.<\/p>\n","protected":false},"author":346,"featured_media":0,"parent":0,"menu_order":0,"comment_status":"closed","ping_status":"closed","template":"","meta":{"_monsterinsights_skip_tracking":false,"_monsterinsights_sitenote_active":false,"_monsterinsights_sitenote_note":"","_monsterinsights_sitenote_category":0,"pgc_sgb_lightbox_settings":"","_vp_format_video_url":"","_vp_image_focal_point":[],"footnotes":""},"class_list":["post-73","page","type-page","status-publish","hentry"],"_links":{"self":[{"href":"https:\/\/www.blogs.unicamp.br\/tecsaude\/wp-json\/wp\/v2\/pages\/73","targetHints":{"allow":["GET"]}}],"collection":[{"href":"https:\/\/www.blogs.unicamp.br\/tecsaude\/wp-json\/wp\/v2\/pages"}],"about":[{"href":"https:\/\/www.blogs.unicamp.br\/tecsaude\/wp-json\/wp\/v2\/types\/page"}],"author":[{"embeddable":true,"href":"https:\/\/www.blogs.unicamp.br\/tecsaude\/wp-json\/wp\/v2\/users\/346"}],"replies":[{"embeddable":true,"href":"https:\/\/www.blogs.unicamp.br\/tecsaude\/wp-json\/wp\/v2\/comments?post=73"}],"version-history":[{"count":12,"href":"https:\/\/www.blogs.unicamp.br\/tecsaude\/wp-json\/wp\/v2\/pages\/73\/revisions"}],"predecessor-version":[{"id":298,"href":"https:\/\/www.blogs.unicamp.br\/tecsaude\/wp-json\/wp\/v2\/pages\/73\/revisions\/298"}],"wp:attachment":[{"href":"https:\/\/www.blogs.unicamp.br\/tecsaude\/wp-json\/wp\/v2\/media?parent=73"}],"curies":[{"name":"wp","href":"https:\/\/api.w.org\/{rel}","templated":true}]}}