{"id":77,"date":"2018-07-04T10:23:43","date_gmt":"2018-07-04T13:23:43","guid":{"rendered":"https:\/\/www.blogs.unicamp.br\/tecsaude\/?page_id=77"},"modified":"2020-07-08T18:32:45","modified_gmt":"2020-07-08T21:32:45","slug":"links","status":"publish","type":"page","link":"https:\/\/www.blogs.unicamp.br\/tecsaude\/links\/","title":{"rendered":"SAIBA MAIS"},"content":{"rendered":"<p><span style=\"font-family: Arial, Helvetica, sans-serif;font-size: 12pt\">Nesta p\u00e1gina voc\u00ea ir\u00e1 encontrar o link para diversos sites de institui\u00e7\u00f5es relacionadas \u00e0 Avalia\u00e7\u00e3o de Tecnologias em Sa\u00fade.<\/span>\u200b<\/p>\n<p><a href=\"https:\/\/rebrats.saude.gov.br\/\"><img fetchpriority=\"high\" decoding=\"async\" class=\"alignleft wp-image-290 size-medium\" src=\"https:\/\/www.blogs.unicamp.br\/tecsaude\/wp-content\/uploads\/sites\/176\/2020\/07\/7tCyt-li_400x400-e1594243900522-300x209.png\" alt=\"\" width=\"300\" height=\"209\" srcset=\"https:\/\/www.blogs.unicamp.br\/tecsaude\/wp-content\/uploads\/sites\/176\/2020\/07\/7tCyt-li_400x400-e1594243900522-300x209.png 300w, https:\/\/www.blogs.unicamp.br\/tecsaude\/wp-content\/uploads\/sites\/176\/2020\/07\/7tCyt-li_400x400-e1594243900522.png 331w\" sizes=\"(max-width: 300px) 100vw, 300px\" \/><\/a> <a href=\"http:\/\/conitec.gov.br\/\"><img decoding=\"async\" class=\"size-medium wp-image-173 alignright\" src=\"https:\/\/www.blogs.unicamp.br\/tecsaude\/wp-content\/uploads\/sites\/176\/2018\/09\/logo_conitec-300x115.jpg\" alt=\"\" width=\"300\" height=\"115\" srcset=\"https:\/\/www.blogs.unicamp.br\/tecsaude\/wp-content\/uploads\/sites\/176\/2018\/09\/logo_conitec-300x115.jpg 300w, https:\/\/www.blogs.unicamp.br\/tecsaude\/wp-content\/uploads\/sites\/176\/2018\/09\/logo_conitec-768x294.jpg 768w, https:\/\/www.blogs.unicamp.br\/tecsaude\/wp-content\/uploads\/sites\/176\/2018\/09\/logo_conitec-1024x393.jpg 1024w\" sizes=\"(max-width: 300px) 100vw, 300px\" \/><\/a><\/p>\n\n\n<p><\/p>\n","protected":false},"excerpt":{"rendered":"<p>Nesta p\u00e1gina voc\u00ea ir\u00e1 encontrar o link para diversos sites de institui\u00e7\u00f5es relacionadas \u00e0 Avalia\u00e7\u00e3o de Tecnologias em Sa\u00fade.\u200b<\/p>\n","protected":false},"author":346,"featured_media":0,"parent":0,"menu_order":0,"comment_status":"closed","ping_status":"closed","template":"","meta":{"_monsterinsights_skip_tracking":false,"_monsterinsights_sitenote_active":false,"_monsterinsights_sitenote_note":"","_monsterinsights_sitenote_category":0,"pgc_sgb_lightbox_settings":"","_vp_format_video_url":"","_vp_image_focal_point":[],"footnotes":""},"class_list":["post-77","page","type-page","status-publish","hentry"],"_links":{"self":[{"href":"https:\/\/www.blogs.unicamp.br\/tecsaude\/wp-json\/wp\/v2\/pages\/77","targetHints":{"allow":["GET"]}}],"collection":[{"href":"https:\/\/www.blogs.unicamp.br\/tecsaude\/wp-json\/wp\/v2\/pages"}],"about":[{"href":"https:\/\/www.blogs.unicamp.br\/tecsaude\/wp-json\/wp\/v2\/types\/page"}],"author":[{"embeddable":true,"href":"https:\/\/www.blogs.unicamp.br\/tecsaude\/wp-json\/wp\/v2\/users\/346"}],"replies":[{"embeddable":true,"href":"https:\/\/www.blogs.unicamp.br\/tecsaude\/wp-json\/wp\/v2\/comments?post=77"}],"version-history":[{"count":14,"href":"https:\/\/www.blogs.unicamp.br\/tecsaude\/wp-json\/wp\/v2\/pages\/77\/revisions"}],"predecessor-version":[{"id":301,"href":"https:\/\/www.blogs.unicamp.br\/tecsaude\/wp-json\/wp\/v2\/pages\/77\/revisions\/301"}],"wp:attachment":[{"href":"https:\/\/www.blogs.unicamp.br\/tecsaude\/wp-json\/wp\/v2\/media?parent=77"}],"curies":[{"name":"wp","href":"https:\/\/api.w.org\/{rel}","templated":true}]}}