{"id":33,"date":"2017-03-23T14:47:28","date_gmt":"2017-03-23T17:47:28","guid":{"rendered":"https:\/\/www.blogs.unicamp.br\/tortaprimordial\/?page_id=33"},"modified":"2017-04-24T12:05:28","modified_gmt":"2017-04-24T15:05:28","slug":"blogring","status":"publish","type":"page","link":"https:\/\/www.blogs.unicamp.br\/tortaprimordial\/blogring\/","title":{"rendered":"Sobre o projeto"},"content":{"rendered":"<p>O blog Torta de Ma\u00e7\u00e3 Primordial\u00a0faz parte de uma rede blogs de divulga\u00e7\u00e3o cient\u00edfica (ISSN: 2526-6187) da Universidade Estadual de Campinas (UNICAMP). Assim, se voc\u00ea quiser conhecer mais desse projeto e ter acesso aos demais blogs que fazem parte desta rede, segue o link de acesso para o Blogring:<\/p>\n<p><a href=\"https:\/\/www.blogs.unicamp.br\/\" target=\"_blank\" rel=\"attachment wp-att-102\"><img decoding=\"async\" class=\" wp-image-102 alignleft\" src=\"https:\/\/www.blogs.unicamp.br\/lantec\/wp-content\/uploads\/sites\/4\/2016\/03\/04-300x101.png\" alt=\"04\" width=\"280\" height=\"94\" \/><\/a><\/p>\n","protected":false},"excerpt":{"rendered":"<p>O blog Torta de Ma\u00e7\u00e3 Primordial\u00a0faz parte de uma rede blogs de divulga\u00e7\u00e3o cient\u00edfica (ISSN: 2526-6187) da Universidade Estadual de Campinas (UNICAMP). Assim, se voc\u00ea quiser conhecer mais desse projeto e ter acesso aos demais blogs que fazem parte desta rede, segue o link de acesso para o Blogring:<\/p>\n","protected":false},"author":252,"featured_media":0,"parent":0,"menu_order":0,"comment_status":"closed","ping_status":"closed","template":"","meta":{"_monsterinsights_skip_tracking":false,"_monsterinsights_sitenote_active":false,"_monsterinsights_sitenote_note":"","_monsterinsights_sitenote_category":0,"pgc_sgb_lightbox_settings":"","_vp_format_video_url":"","_vp_image_focal_point":[],"footnotes":""},"class_list":["post-33","page","type-page","status-publish","hentry"],"_links":{"self":[{"href":"https:\/\/www.blogs.unicamp.br\/tortaprimordial\/wp-json\/wp\/v2\/pages\/33","targetHints":{"allow":["GET"]}}],"collection":[{"href":"https:\/\/www.blogs.unicamp.br\/tortaprimordial\/wp-json\/wp\/v2\/pages"}],"about":[{"href":"https:\/\/www.blogs.unicamp.br\/tortaprimordial\/wp-json\/wp\/v2\/types\/page"}],"author":[{"embeddable":true,"href":"https:\/\/www.blogs.unicamp.br\/tortaprimordial\/wp-json\/wp\/v2\/users\/252"}],"replies":[{"embeddable":true,"href":"https:\/\/www.blogs.unicamp.br\/tortaprimordial\/wp-json\/wp\/v2\/comments?post=33"}],"version-history":[{"count":5,"href":"https:\/\/www.blogs.unicamp.br\/tortaprimordial\/wp-json\/wp\/v2\/pages\/33\/revisions"}],"predecessor-version":[{"id":304,"href":"https:\/\/www.blogs.unicamp.br\/tortaprimordial\/wp-json\/wp\/v2\/pages\/33\/revisions\/304"}],"wp:attachment":[{"href":"https:\/\/www.blogs.unicamp.br\/tortaprimordial\/wp-json\/wp\/v2\/media?parent=33"}],"curies":[{"name":"wp","href":"https:\/\/api.w.org\/{rel}","templated":true}]}}