{"id":1985,"date":"2011-08-29T00:31:10","date_gmt":"2011-08-29T00:31:10","guid":{"rendered":"http:\/\/scienceblogs.com.br\/vqeb\/?page_id=2"},"modified":"2011-08-29T00:31:10","modified_gmt":"2011-08-29T00:31:10","slug":"sobre","status":"publish","type":"page","link":"https:\/\/www.blogs.unicamp.br\/vqeb2\/sobre\/","title":{"rendered":"Sobre"},"content":{"rendered":"<h2>Sobre mim<\/h2>\n<p>(Entrevista para Eduardo Goldenberg em 2002)<br \/>\nP: Qual a sua forma\u00e7\u00e3o?<br \/>\nR: Fiz Biologia Marinha na UFRJ e depois segui toda a estrada&#8230; mestrado, doutorado e sa\u00ed do Brasil para fazer p\u00f3s-doutorado na It\u00e1lia. Hoje sou professor adjunto do Instituto de Biof\u00edsica da UFRJ.<br \/>\nP: Quem foi, na sua opini\u00e3o, o maior cientista de todos?<br \/>\nR: Eu invejo Einstein ter escrito sua tese de doutorado em 26 paginas e Watson e Crick descrito a estrutura do DNA em apenas uma. Uma id\u00e9ia original e brilhante n\u00e3o ocupa espa\u00e7o. Todos esses caras foram geniais.<br \/>\nP: \u00c9 dif\u00edcil fazer ci\u00eancia no Brasil? Voc\u00ea pretende sair do Brasil?<br \/>\nR: Sim, fazer ci\u00eancia no Brasil \u00e9 mais dif\u00edcil que em outros lugares. Mas fazemos ci\u00eancia melhor do que em alguns lugares com melhores condi\u00e7\u00f5es. Temos mentes brilhantes! Quanto \u00e0 segunda pergunta, n\u00e3o existe lugar como o Rio de Janeiro. Tom e o Vin\u00edcius diziam que &#8220;viver fora \u00e9 bom, mas \u00e9 uma merda. Viver aqui \u00e9 uma merda, mas \u00e9 muito bom&#8221; e que &#8220;o problema de Paris \u00e9 que voc\u00ea anda, anda e nunca chega em Ipanema&#8221;.<br \/>\nP: Voc\u00ea acredita em Deus?<br \/>\nR: Como diria Richard Dawkins: &#8220;O relojoeiro \u00e9 cego&#8221;. Eu s\u00f3 acredito na ci\u00eancia.<\/p>\n","protected":false},"excerpt":{"rendered":"<p>Sobre mim (Entrevista para Eduardo Goldenberg em 2002) P: Qual a sua forma\u00e7\u00e3o? R: Fiz Biologia Marinha na UFRJ e depois segui toda a estrada&#8230; mestrado, doutorado e sa\u00ed do Brasil para fazer p\u00f3s-doutorado na It\u00e1lia. Hoje sou professor adjunto do Instituto de Biof\u00edsica da UFRJ. P: Quem foi, na sua opini\u00e3o, o maior cientista [&hellip;]<\/p>\n","protected":false},"author":553,"featured_media":0,"parent":0,"menu_order":0,"comment_status":"closed","ping_status":"open","template":"","meta":{"_monsterinsights_skip_tracking":false,"_monsterinsights_sitenote_active":false,"_monsterinsights_sitenote_note":"","_monsterinsights_sitenote_category":0,"pgc_sgb_lightbox_settings":"","_vp_format_video_url":"","_vp_image_focal_point":[],"footnotes":""},"class_list":["post-1985","page","type-page","status-publish","hentry"],"_links":{"self":[{"href":"https:\/\/www.blogs.unicamp.br\/vqeb2\/wp-json\/wp\/v2\/pages\/1985","targetHints":{"allow":["GET"]}}],"collection":[{"href":"https:\/\/www.blogs.unicamp.br\/vqeb2\/wp-json\/wp\/v2\/pages"}],"about":[{"href":"https:\/\/www.blogs.unicamp.br\/vqeb2\/wp-json\/wp\/v2\/types\/page"}],"author":[{"embeddable":true,"href":"https:\/\/www.blogs.unicamp.br\/vqeb2\/wp-json\/wp\/v2\/users\/553"}],"replies":[{"embeddable":true,"href":"https:\/\/www.blogs.unicamp.br\/vqeb2\/wp-json\/wp\/v2\/comments?post=1985"}],"version-history":[{"count":0,"href":"https:\/\/www.blogs.unicamp.br\/vqeb2\/wp-json\/wp\/v2\/pages\/1985\/revisions"}],"wp:attachment":[{"href":"https:\/\/www.blogs.unicamp.br\/vqeb2\/wp-json\/wp\/v2\/media?parent=1985"}],"curies":[{"name":"wp","href":"https:\/\/api.w.org\/{rel}","templated":true}]}}