{"id":3921,"date":"2022-05-23T12:21:56","date_gmt":"2022-05-23T15:21:56","guid":{"rendered":"https:\/\/www.blogs.unicamp.br\/zero\/?page_id=3921"},"modified":"2024-12-31T20:47:24","modified_gmt":"2024-12-31T23:47:24","slug":"sobre","status":"publish","type":"page","link":"https:\/\/www.blogs.unicamp.br\/zero\/sobre\/","title":{"rendered":"Sobre"},"content":{"rendered":"\n<div class=\"wp-block-columns eplus-wrapper is-layout-flex wp-container-core-columns-is-layout-28f84493 wp-block-columns-is-layout-flex\">\n<div class=\"wp-block-column eplus-wrapper is-layout-flow wp-block-column-is-layout-flow\">\n<p class=\" eplus-wrapper\">O <a href=\"https:\/\/www.blogs.unicamp.br\/zero\/\"><strong>blog Zero<\/strong><\/a>, ativo desde 1\u00ba de Junho de 2019, procura reproduzir a est\u00e9tica de terminais de comando (tela preta com letras brancas). Nosso p\u00fablico-alvo s\u00e3o jovens e adultos com forma\u00e7\u00f5es variadas nas \u00e1reas de Ci\u00eancias e Tecnologias, que procuram discuss\u00f5es divertidas em tom coloquial na intersec\u00e7\u00e3o entre o Formalismo e a Ludicidade. Somos parceiros do <strong><a href=\"https:\/\/www.blogs.unicamp.br\/m3\/\">blog Matem\u00e1tica Multim\u00eddia (M\u00b3)<\/a><\/strong>, ambos atuando dentro do Portal <a href=\"https:\/\/www.blogs.unicamp.br\/\"><strong>Blogs de Ci\u00eancias da Unicamp<\/strong><\/a> (Universidade Estadual de Campinas, Cidade Universit\u00e1ria \u201cZeferino Vaz\u201d, Campinas, SP, Brasil, CEP: 13.083-970. Resolu\u00e7\u00e3o GR-049\/2018,&nbsp;de 05\/12\/2018: Institui a Rede de Blogs de Divulga\u00e7\u00e3o de Ci\u00eancia da Universidade Estadual de Campinas).<\/p>\n\n\n\n<p class=\" eplus-wrapper\">Podem me chamar de <strong><em>Zero<\/em><\/strong>, fiz Licenciatura em Matem\u00e1tica pela USP, Mestrado na UNESP, Doutorado na UNICAMP, Especializa\u00e7\u00e3o em Inform\u00e1tica Aplicada \u00e0 Educa\u00e7\u00e3o no IFRJ e atualmente sou docente de Matem\u00e1tica no IFRJ, e curso Licenciatura em Qu\u00edmica e Especializa\u00e7\u00e3o em Gest\u00e3o Escolar, pelo IFRJ e IFFar respectivamente (<a href=\"http:\/\/lattes.cnpq.br\/6130937835002478\" target=\"_blank\" rel=\"noreferrer noopener\"><strong>lattes.cnpq.br\/6130937835002478<\/strong><\/a>). Contato: <a href=\"mailto:integravel@gmail.com\" target=\"_blank\" rel=\"noreferrer noopener\"><strong>integravel@gmail.com<\/strong><\/a><\/p>\n<\/div>\n\n\n\n<div class=\"wp-block-column eplus-wrapper is-layout-flow wp-block-column-is-layout-flow\">\n<figure class=\" wp-block-image aligncenter size-large is-resized eplus-wrapper\"><img fetchpriority=\"high\" decoding=\"async\" width=\"768\" height=\"1024\" src=\"https:\/\/www.blogs.unicamp.br\/zero\/wp-content\/uploads\/sites\/187\/2023\/11\/WhatsApp-Image-2023-10-30-at-19.35.50-768x1024.jpeg\" alt=\"\" class=\"wp-image-5506\" style=\"aspect-ratio:0.75;width:359px;height:auto\" srcset=\"https:\/\/www.blogs.unicamp.br\/zero\/wp-content\/uploads\/sites\/187\/2023\/11\/WhatsApp-Image-2023-10-30-at-19.35.50-768x1024.jpeg 768w, https:\/\/www.blogs.unicamp.br\/zero\/wp-content\/uploads\/sites\/187\/2023\/11\/WhatsApp-Image-2023-10-30-at-19.35.50-225x300.jpeg 225w, https:\/\/www.blogs.unicamp.br\/zero\/wp-content\/uploads\/sites\/187\/2023\/11\/WhatsApp-Image-2023-10-30-at-19.35.50-1152x1536.jpeg 1152w, https:\/\/www.blogs.unicamp.br\/zero\/wp-content\/uploads\/sites\/187\/2023\/11\/WhatsApp-Image-2023-10-30-at-19.35.50-500x667.jpeg 500w, https:\/\/www.blogs.unicamp.br\/zero\/wp-content\/uploads\/sites\/187\/2023\/11\/WhatsApp-Image-2023-10-30-at-19.35.50-800x1067.jpeg 800w, https:\/\/www.blogs.unicamp.br\/zero\/wp-content\/uploads\/sites\/187\/2023\/11\/WhatsApp-Image-2023-10-30-at-19.35.50.jpeg 1200w\" sizes=\"(max-width: 768px) 100vw, 768px\" \/><\/figure>\n<\/div>\n<\/div>\n\n\n\n<p class=\" eplus-wrapper\"><strong>M30<\/strong>&nbsp;\u00e9 um projeto de promo\u00e7\u00e3o da <strong>Divulga\u00e7\u00e3o Cient\u00edfica de Matem\u00e1tica<\/strong> vinculado ao <strong><a href=\"https:\/\/integravel.github.io\/\">Laborat\u00f3rio Integr\u00e1vel<\/a><\/strong>, que compila textos autorais publicados semestralmente nos Blogs&nbsp;<a href=\"https:\/\/www.blogs.unicamp.br\/zero\" target=\"_blank\" rel=\"noreferrer noopener\"><strong>Zero<\/strong><\/a>&nbsp;e&nbsp;<a href=\"https:\/\/www.blogs.unicamp.br\/m3\"><strong>Matem\u00e1tica Multim\u00eddia (M\u00b3)<\/strong><\/a>.<\/p>\n\n\n\n<div class=\"wp-block-columns eplus-wrapper is-layout-flex wp-container-core-columns-is-layout-28f84493 wp-block-columns-is-layout-flex\">\n<div class=\"wp-block-column eplus-wrapper is-layout-flow wp-block-column-is-layout-flow\">\n<figure class=\" wp-block-image size-large eplus-wrapper\"><a href=\"https:\/\/drive.google.com\/drive\/folders\/16d44aRAPinyXfKDgeT29Tc86vc3hhxfD?usp=sharing\"><img decoding=\"async\" width=\"655\" height=\"1024\" src=\"https:\/\/www.blogs.unicamp.br\/zero\/wp-content\/uploads\/sites\/187\/2024\/11\/volume-1-1-655x1024.jpg\" alt=\"\" class=\"wp-image-5898\" srcset=\"https:\/\/www.blogs.unicamp.br\/zero\/wp-content\/uploads\/sites\/187\/2024\/11\/volume-1-1-655x1024.jpg 655w, https:\/\/www.blogs.unicamp.br\/zero\/wp-content\/uploads\/sites\/187\/2024\/11\/volume-1-1-192x300.jpg 192w, https:\/\/www.blogs.unicamp.br\/zero\/wp-content\/uploads\/sites\/187\/2024\/11\/volume-1-1-768x1200.jpg 768w, https:\/\/www.blogs.unicamp.br\/zero\/wp-content\/uploads\/sites\/187\/2024\/11\/volume-1-1-983x1536.jpg 983w, https:\/\/www.blogs.unicamp.br\/zero\/wp-content\/uploads\/sites\/187\/2024\/11\/volume-1-1-1311x2048.jpg 1311w, https:\/\/www.blogs.unicamp.br\/zero\/wp-content\/uploads\/sites\/187\/2024\/11\/volume-1-1-500x781.jpg 500w, https:\/\/www.blogs.unicamp.br\/zero\/wp-content\/uploads\/sites\/187\/2024\/11\/volume-1-1-800x1250.jpg 800w, https:\/\/www.blogs.unicamp.br\/zero\/wp-content\/uploads\/sites\/187\/2024\/11\/volume-1-1-1280x2000.jpg 1280w, https:\/\/www.blogs.unicamp.br\/zero\/wp-content\/uploads\/sites\/187\/2024\/11\/volume-1-1.jpg 1600w\" sizes=\"(max-width: 655px) 100vw, 655px\" \/><\/a><figcaption class=\"wp-element-caption\"><strong><a href=\"https:\/\/drive.google.com\/drive\/folders\/16d44aRAPinyXfKDgeT29Tc86vc3hhxfD?usp=sharing\" data-type=\"link\" data-id=\"https:\/\/drive.google.com\/drive\/folders\/16d44aRAPinyXfKDgeT29Tc86vc3hhxfD?usp=sharing\">V1&nbsp;&#8211; 2019.1<\/a><\/strong><\/figcaption><\/figure>\n<\/div>\n\n\n\n<div class=\"wp-block-column eplus-wrapper is-layout-flow wp-block-column-is-layout-flow\">\n<figure class=\" wp-block-image size-large is-resized eplus-wrapper\"><a href=\"https:\/\/drive.google.com\/drive\/folders\/1Gny-r6KY3kaHwRN9tmZn59-4D5M-W0D6?usp=sharing\"><img decoding=\"async\" width=\"656\" height=\"1024\" src=\"https:\/\/www.blogs.unicamp.br\/zero\/wp-content\/uploads\/sites\/187\/2024\/11\/volume-2-656x1024.jpg\" alt=\"\" class=\"wp-image-5899\" style=\"width:374px;height:auto\" srcset=\"https:\/\/www.blogs.unicamp.br\/zero\/wp-content\/uploads\/sites\/187\/2024\/11\/volume-2-656x1024.jpg 656w, https:\/\/www.blogs.unicamp.br\/zero\/wp-content\/uploads\/sites\/187\/2024\/11\/volume-2-192x300.jpg 192w, https:\/\/www.blogs.unicamp.br\/zero\/wp-content\/uploads\/sites\/187\/2024\/11\/volume-2-768x1200.jpg 768w, https:\/\/www.blogs.unicamp.br\/zero\/wp-content\/uploads\/sites\/187\/2024\/11\/volume-2-983x1536.jpg 983w, https:\/\/www.blogs.unicamp.br\/zero\/wp-content\/uploads\/sites\/187\/2024\/11\/volume-2-500x781.jpg 500w, https:\/\/www.blogs.unicamp.br\/zero\/wp-content\/uploads\/sites\/187\/2024\/11\/volume-2-800x1250.jpg 800w, https:\/\/www.blogs.unicamp.br\/zero\/wp-content\/uploads\/sites\/187\/2024\/11\/volume-2.jpg 1000w\" sizes=\"(max-width: 656px) 100vw, 656px\" \/><\/a><figcaption class=\"wp-element-caption\"><strong><a href=\"https:\/\/drive.google.com\/drive\/folders\/1Gny-r6KY3kaHwRN9tmZn59-4D5M-W0D6?usp=sharing\">V2&nbsp;&#8211; 2019.2<\/a><\/strong><\/figcaption><\/figure>\n<\/div>\n\n\n\n<div class=\"wp-block-column eplus-wrapper is-layout-flow wp-block-column-is-layout-flow\">\n<figure class=\" wp-block-image size-large eplus-wrapper\"><a href=\"https:\/\/drive.google.com\/drive\/folders\/1ztVeq0wSnPVJyqudpHiaV21TFyfUm1nR?usp=sharing\"><img loading=\"lazy\" decoding=\"async\" width=\"655\" height=\"1024\" src=\"https:\/\/www.blogs.unicamp.br\/zero\/wp-content\/uploads\/sites\/187\/2024\/11\/volume-3-655x1024.jpg\" alt=\"\" class=\"wp-image-5897\" srcset=\"https:\/\/www.blogs.unicamp.br\/zero\/wp-content\/uploads\/sites\/187\/2024\/11\/volume-3-655x1024.jpg 655w, https:\/\/www.blogs.unicamp.br\/zero\/wp-content\/uploads\/sites\/187\/2024\/11\/volume-3-192x300.jpg 192w, https:\/\/www.blogs.unicamp.br\/zero\/wp-content\/uploads\/sites\/187\/2024\/11\/volume-3-768x1200.jpg 768w, https:\/\/www.blogs.unicamp.br\/zero\/wp-content\/uploads\/sites\/187\/2024\/11\/volume-3-983x1536.jpg 983w, https:\/\/www.blogs.unicamp.br\/zero\/wp-content\/uploads\/sites\/187\/2024\/11\/volume-3-1311x2048.jpg 1311w, https:\/\/www.blogs.unicamp.br\/zero\/wp-content\/uploads\/sites\/187\/2024\/11\/volume-3-500x781.jpg 500w, https:\/\/www.blogs.unicamp.br\/zero\/wp-content\/uploads\/sites\/187\/2024\/11\/volume-3-800x1250.jpg 800w, https:\/\/www.blogs.unicamp.br\/zero\/wp-content\/uploads\/sites\/187\/2024\/11\/volume-3-1280x2000.jpg 1280w, https:\/\/www.blogs.unicamp.br\/zero\/wp-content\/uploads\/sites\/187\/2024\/11\/volume-3.jpg 1600w\" sizes=\"(max-width: 655px) 100vw, 655px\" \/><\/a><figcaption class=\"wp-element-caption\"><strong><a href=\"https:\/\/drive.google.com\/drive\/folders\/1ztVeq0wSnPVJyqudpHiaV21TFyfUm1nR?usp=sharing\">V3&nbsp;&#8211; 2020.1<\/a><\/strong><\/figcaption><\/figure>\n<\/div>\n<\/div>\n\n\n\n<div class=\"wp-block-columns eplus-wrapper is-layout-flex wp-container-core-columns-is-layout-28f84493 wp-block-columns-is-layout-flex\">\n<div class=\"wp-block-column eplus-wrapper is-layout-flow wp-block-column-is-layout-flow\">\n<figure class=\" wp-block-image size-large eplus-wrapper\"><a href=\"https:\/\/drive.google.com\/drive\/folders\/1e12lByNIFJQJHSu3OpKVJ2sEoAIVRgWp?usp=sharing\"><img loading=\"lazy\" decoding=\"async\" width=\"655\" height=\"1024\" src=\"https:\/\/www.blogs.unicamp.br\/zero\/wp-content\/uploads\/sites\/187\/2024\/11\/volume-4-655x1024.jpg\" alt=\"\" class=\"wp-image-5896\" srcset=\"https:\/\/www.blogs.unicamp.br\/zero\/wp-content\/uploads\/sites\/187\/2024\/11\/volume-4-655x1024.jpg 655w, https:\/\/www.blogs.unicamp.br\/zero\/wp-content\/uploads\/sites\/187\/2024\/11\/volume-4-192x300.jpg 192w, https:\/\/www.blogs.unicamp.br\/zero\/wp-content\/uploads\/sites\/187\/2024\/11\/volume-4-768x1200.jpg 768w, https:\/\/www.blogs.unicamp.br\/zero\/wp-content\/uploads\/sites\/187\/2024\/11\/volume-4-983x1536.jpg 983w, https:\/\/www.blogs.unicamp.br\/zero\/wp-content\/uploads\/sites\/187\/2024\/11\/volume-4-1311x2048.jpg 1311w, https:\/\/www.blogs.unicamp.br\/zero\/wp-content\/uploads\/sites\/187\/2024\/11\/volume-4-500x781.jpg 500w, https:\/\/www.blogs.unicamp.br\/zero\/wp-content\/uploads\/sites\/187\/2024\/11\/volume-4-800x1250.jpg 800w, https:\/\/www.blogs.unicamp.br\/zero\/wp-content\/uploads\/sites\/187\/2024\/11\/volume-4-1280x2000.jpg 1280w, https:\/\/www.blogs.unicamp.br\/zero\/wp-content\/uploads\/sites\/187\/2024\/11\/volume-4.jpg 1600w\" sizes=\"(max-width: 655px) 100vw, 655px\" \/><\/a><figcaption class=\"wp-element-caption\"><strong><a href=\"https:\/\/drive.google.com\/drive\/folders\/1e12lByNIFJQJHSu3OpKVJ2sEoAIVRgWp?usp=sharing\">V4&nbsp;&#8211; 2020.2<\/a><\/strong><\/figcaption><\/figure>\n<\/div>\n\n\n\n<div class=\"wp-block-column eplus-wrapper is-layout-flow wp-block-column-is-layout-flow\">\n<figure class=\" wp-block-image size-large eplus-wrapper\"><a href=\"https:\/\/drive.google.com\/drive\/folders\/1sSch7GtHE0quxXtQwsMfeaROWSv-Jssy?usp=sharing\"><img loading=\"lazy\" decoding=\"async\" width=\"655\" height=\"1024\" src=\"https:\/\/www.blogs.unicamp.br\/zero\/wp-content\/uploads\/sites\/187\/2024\/11\/volume-5-655x1024.jpg\" alt=\"\" class=\"wp-image-5895\" srcset=\"https:\/\/www.blogs.unicamp.br\/zero\/wp-content\/uploads\/sites\/187\/2024\/11\/volume-5-655x1024.jpg 655w, https:\/\/www.blogs.unicamp.br\/zero\/wp-content\/uploads\/sites\/187\/2024\/11\/volume-5-192x300.jpg 192w, https:\/\/www.blogs.unicamp.br\/zero\/wp-content\/uploads\/sites\/187\/2024\/11\/volume-5-768x1200.jpg 768w, https:\/\/www.blogs.unicamp.br\/zero\/wp-content\/uploads\/sites\/187\/2024\/11\/volume-5-983x1536.jpg 983w, https:\/\/www.blogs.unicamp.br\/zero\/wp-content\/uploads\/sites\/187\/2024\/11\/volume-5-1311x2048.jpg 1311w, https:\/\/www.blogs.unicamp.br\/zero\/wp-content\/uploads\/sites\/187\/2024\/11\/volume-5-500x781.jpg 500w, https:\/\/www.blogs.unicamp.br\/zero\/wp-content\/uploads\/sites\/187\/2024\/11\/volume-5-800x1250.jpg 800w, https:\/\/www.blogs.unicamp.br\/zero\/wp-content\/uploads\/sites\/187\/2024\/11\/volume-5-1280x2000.jpg 1280w, https:\/\/www.blogs.unicamp.br\/zero\/wp-content\/uploads\/sites\/187\/2024\/11\/volume-5.jpg 1600w\" sizes=\"(max-width: 655px) 100vw, 655px\" \/><\/a><figcaption class=\"wp-element-caption\"><strong><a href=\"https:\/\/drive.google.com\/drive\/folders\/1sSch7GtHE0quxXtQwsMfeaROWSv-Jssy?usp=sharing\">V5&nbsp;&#8211; 2021.1<\/a><\/strong><\/figcaption><\/figure>\n<\/div>\n\n\n\n<div class=\"wp-block-column eplus-wrapper is-layout-flow wp-block-column-is-layout-flow\">\n<figure class=\" wp-block-image size-large eplus-wrapper\"><a href=\"https:\/\/drive.google.com\/drive\/folders\/1ru-7Y1nBAt-VWi2bFN1dyIOJT4lnuxYf?usp=sharing\"><img loading=\"lazy\" decoding=\"async\" width=\"656\" height=\"1024\" src=\"https:\/\/www.blogs.unicamp.br\/zero\/wp-content\/uploads\/sites\/187\/2024\/11\/volume-6-656x1024.jpg\" alt=\"\" class=\"wp-image-5900\" srcset=\"https:\/\/www.blogs.unicamp.br\/zero\/wp-content\/uploads\/sites\/187\/2024\/11\/volume-6-656x1024.jpg 656w, https:\/\/www.blogs.unicamp.br\/zero\/wp-content\/uploads\/sites\/187\/2024\/11\/volume-6-192x300.jpg 192w, https:\/\/www.blogs.unicamp.br\/zero\/wp-content\/uploads\/sites\/187\/2024\/11\/volume-6-768x1200.jpg 768w, https:\/\/www.blogs.unicamp.br\/zero\/wp-content\/uploads\/sites\/187\/2024\/11\/volume-6-983x1536.jpg 983w, https:\/\/www.blogs.unicamp.br\/zero\/wp-content\/uploads\/sites\/187\/2024\/11\/volume-6-500x781.jpg 500w, https:\/\/www.blogs.unicamp.br\/zero\/wp-content\/uploads\/sites\/187\/2024\/11\/volume-6-800x1250.jpg 800w, https:\/\/www.blogs.unicamp.br\/zero\/wp-content\/uploads\/sites\/187\/2024\/11\/volume-6.jpg 1000w\" sizes=\"(max-width: 656px) 100vw, 656px\" \/><\/a><figcaption class=\"wp-element-caption\"><strong><a href=\"https:\/\/drive.google.com\/drive\/folders\/1ru-7Y1nBAt-VWi2bFN1dyIOJT4lnuxYf?usp=sharing\">V6&nbsp;&#8211; 2021.2<\/a><\/strong><\/figcaption><\/figure>\n<\/div>\n<\/div>\n\n\n\n<div class=\"wp-block-columns eplus-wrapper is-layout-flex wp-container-core-columns-is-layout-28f84493 wp-block-columns-is-layout-flex\">\n<div class=\"wp-block-column eplus-wrapper is-layout-flow wp-block-column-is-layout-flow\">\n<figure class=\" wp-block-image size-large eplus-wrapper\"><a href=\"https:\/\/drive.google.com\/drive\/folders\/1y_w3sQZxp3MZ4d_Ncp-LCHUzjSGVG8SL?usp=sharing\"><img loading=\"lazy\" decoding=\"async\" width=\"655\" height=\"1024\" src=\"https:\/\/www.blogs.unicamp.br\/zero\/wp-content\/uploads\/sites\/187\/2024\/11\/volume-7-655x1024.jpg\" alt=\"\" class=\"wp-image-5894\" srcset=\"https:\/\/www.blogs.unicamp.br\/zero\/wp-content\/uploads\/sites\/187\/2024\/11\/volume-7-655x1024.jpg 655w, https:\/\/www.blogs.unicamp.br\/zero\/wp-content\/uploads\/sites\/187\/2024\/11\/volume-7-192x300.jpg 192w, https:\/\/www.blogs.unicamp.br\/zero\/wp-content\/uploads\/sites\/187\/2024\/11\/volume-7-768x1200.jpg 768w, https:\/\/www.blogs.unicamp.br\/zero\/wp-content\/uploads\/sites\/187\/2024\/11\/volume-7-983x1536.jpg 983w, https:\/\/www.blogs.unicamp.br\/zero\/wp-content\/uploads\/sites\/187\/2024\/11\/volume-7-1311x2048.jpg 1311w, https:\/\/www.blogs.unicamp.br\/zero\/wp-content\/uploads\/sites\/187\/2024\/11\/volume-7-500x781.jpg 500w, https:\/\/www.blogs.unicamp.br\/zero\/wp-content\/uploads\/sites\/187\/2024\/11\/volume-7-800x1250.jpg 800w, https:\/\/www.blogs.unicamp.br\/zero\/wp-content\/uploads\/sites\/187\/2024\/11\/volume-7-1280x2000.jpg 1280w, https:\/\/www.blogs.unicamp.br\/zero\/wp-content\/uploads\/sites\/187\/2024\/11\/volume-7.jpg 1600w\" sizes=\"(max-width: 655px) 100vw, 655px\" \/><\/a><figcaption class=\"wp-element-caption\"><strong><a href=\"https:\/\/drive.google.com\/drive\/folders\/1y_w3sQZxp3MZ4d_Ncp-LCHUzjSGVG8SL?usp=sharing\" data-type=\"link\" data-id=\"https:\/\/drive.google.com\/drive\/folders\/1y_w3sQZxp3MZ4d_Ncp-LCHUzjSGVG8SL?usp=sharing\">V7&nbsp;&#8211; 2022.1<\/a><\/strong><\/figcaption><\/figure>\n<\/div>\n\n\n\n<div class=\"wp-block-column eplus-wrapper is-layout-flow wp-block-column-is-layout-flow\">\n<figure class=\" wp-block-image size-large eplus-wrapper\"><a href=\"https:\/\/drive.google.com\/drive\/folders\/1db9kyFZyn4il7QgwjePiyfNJimpGD9oP?usp=sharing\"><img loading=\"lazy\" decoding=\"async\" width=\"656\" height=\"1024\" src=\"https:\/\/www.blogs.unicamp.br\/zero\/wp-content\/uploads\/sites\/187\/2024\/11\/volume-8-656x1024.jpg\" alt=\"\" class=\"wp-image-5901\" srcset=\"https:\/\/www.blogs.unicamp.br\/zero\/wp-content\/uploads\/sites\/187\/2024\/11\/volume-8-656x1024.jpg 656w, https:\/\/www.blogs.unicamp.br\/zero\/wp-content\/uploads\/sites\/187\/2024\/11\/volume-8-192x300.jpg 192w, https:\/\/www.blogs.unicamp.br\/zero\/wp-content\/uploads\/sites\/187\/2024\/11\/volume-8-768x1200.jpg 768w, https:\/\/www.blogs.unicamp.br\/zero\/wp-content\/uploads\/sites\/187\/2024\/11\/volume-8-983x1536.jpg 983w, https:\/\/www.blogs.unicamp.br\/zero\/wp-content\/uploads\/sites\/187\/2024\/11\/volume-8-500x781.jpg 500w, https:\/\/www.blogs.unicamp.br\/zero\/wp-content\/uploads\/sites\/187\/2024\/11\/volume-8-800x1250.jpg 800w, https:\/\/www.blogs.unicamp.br\/zero\/wp-content\/uploads\/sites\/187\/2024\/11\/volume-8.jpg 1000w\" sizes=\"(max-width: 656px) 100vw, 656px\" \/><\/a><figcaption class=\"wp-element-caption\"><strong><a href=\"https:\/\/drive.google.com\/drive\/folders\/1db9kyFZyn4il7QgwjePiyfNJimpGD9oP?usp=sharing\">V8&nbsp;&#8211; 2022.2<\/a><\/strong><\/figcaption><\/figure>\n<\/div>\n\n\n\n<div class=\"wp-block-column eplus-wrapper is-layout-flow wp-block-column-is-layout-flow\">\n<figure class=\" wp-block-image size-large eplus-wrapper\"><a href=\"https:\/\/drive.google.com\/drive\/folders\/1OlwetC0VGocxXqyHJbnXDstdRnOkp-wV?usp=sharing\"><img loading=\"lazy\" decoding=\"async\" width=\"656\" height=\"1024\" src=\"https:\/\/www.blogs.unicamp.br\/zero\/wp-content\/uploads\/sites\/187\/2024\/11\/volume-9-656x1024.jpg\" alt=\"\" class=\"wp-image-5902\" srcset=\"https:\/\/www.blogs.unicamp.br\/zero\/wp-content\/uploads\/sites\/187\/2024\/11\/volume-9-656x1024.jpg 656w, https:\/\/www.blogs.unicamp.br\/zero\/wp-content\/uploads\/sites\/187\/2024\/11\/volume-9-192x300.jpg 192w, https:\/\/www.blogs.unicamp.br\/zero\/wp-content\/uploads\/sites\/187\/2024\/11\/volume-9-768x1200.jpg 768w, https:\/\/www.blogs.unicamp.br\/zero\/wp-content\/uploads\/sites\/187\/2024\/11\/volume-9-983x1536.jpg 983w, https:\/\/www.blogs.unicamp.br\/zero\/wp-content\/uploads\/sites\/187\/2024\/11\/volume-9-500x781.jpg 500w, https:\/\/www.blogs.unicamp.br\/zero\/wp-content\/uploads\/sites\/187\/2024\/11\/volume-9-800x1250.jpg 800w, https:\/\/www.blogs.unicamp.br\/zero\/wp-content\/uploads\/sites\/187\/2024\/11\/volume-9.jpg 1000w\" sizes=\"(max-width: 656px) 100vw, 656px\" \/><\/a><figcaption class=\"wp-element-caption\"><strong><a href=\"https:\/\/drive.google.com\/drive\/folders\/1OlwetC0VGocxXqyHJbnXDstdRnOkp-wV?usp=sharing\">V9&nbsp;&#8211; 2023.1<\/a><\/strong><\/figcaption><\/figure>\n<\/div>\n<\/div>\n\n\n\n<div class=\"wp-block-columns eplus-wrapper is-layout-flex wp-container-core-columns-is-layout-28f84493 wp-block-columns-is-layout-flex\">\n<div class=\"wp-block-column eplus-wrapper is-layout-flow wp-block-column-is-layout-flow\">\n<figure class=\" wp-block-image size-large eplus-wrapper\"><a href=\"https:\/\/drive.google.com\/drive\/folders\/1Jn7y8pbmn6TyHx5kjX8lIt7IirR4DAJ7?usp=sharing\"><img loading=\"lazy\" decoding=\"async\" width=\"655\" height=\"1024\" src=\"https:\/\/www.blogs.unicamp.br\/zero\/wp-content\/uploads\/sites\/187\/2024\/11\/volume-10-655x1024.jpg\" alt=\"\" class=\"wp-image-5893\" srcset=\"https:\/\/www.blogs.unicamp.br\/zero\/wp-content\/uploads\/sites\/187\/2024\/11\/volume-10-655x1024.jpg 655w, https:\/\/www.blogs.unicamp.br\/zero\/wp-content\/uploads\/sites\/187\/2024\/11\/volume-10-192x300.jpg 192w, https:\/\/www.blogs.unicamp.br\/zero\/wp-content\/uploads\/sites\/187\/2024\/11\/volume-10-768x1200.jpg 768w, https:\/\/www.blogs.unicamp.br\/zero\/wp-content\/uploads\/sites\/187\/2024\/11\/volume-10-983x1536.jpg 983w, https:\/\/www.blogs.unicamp.br\/zero\/wp-content\/uploads\/sites\/187\/2024\/11\/volume-10-1311x2048.jpg 1311w, https:\/\/www.blogs.unicamp.br\/zero\/wp-content\/uploads\/sites\/187\/2024\/11\/volume-10-500x781.jpg 500w, https:\/\/www.blogs.unicamp.br\/zero\/wp-content\/uploads\/sites\/187\/2024\/11\/volume-10-800x1250.jpg 800w, https:\/\/www.blogs.unicamp.br\/zero\/wp-content\/uploads\/sites\/187\/2024\/11\/volume-10-1280x2000.jpg 1280w, https:\/\/www.blogs.unicamp.br\/zero\/wp-content\/uploads\/sites\/187\/2024\/11\/volume-10.jpg 1600w\" sizes=\"(max-width: 655px) 100vw, 655px\" \/><\/a><figcaption class=\"wp-element-caption\"><a href=\"https:\/\/drive.google.com\/drive\/folders\/1Jn7y8pbmn6TyHx5kjX8lIt7IirR4DAJ7?usp=sharing\" data-type=\"link\" data-id=\"https:\/\/drive.google.com\/drive\/folders\/1Jn7y8pbmn6TyHx5kjX8lIt7IirR4DAJ7?usp=sharing\"><strong>V10&nbsp;&#8211; 2023.2<\/strong><\/a><\/figcaption><\/figure>\n<\/div>\n\n\n\n<div class=\"wp-block-column eplus-wrapper is-layout-flow wp-block-column-is-layout-flow\">\n<figure class=\" wp-block-image size-large eplus-wrapper\"><a href=\"https:\/\/drive.google.com\/drive\/folders\/1RBzCS5rXdfDRr0gm_DirdYoBxbfsLtO0?usp=sharing\"><img loading=\"lazy\" decoding=\"async\" width=\"656\" height=\"1024\" src=\"https:\/\/www.blogs.unicamp.br\/zero\/wp-content\/uploads\/sites\/187\/2024\/11\/volume-11-656x1024.jpg\" alt=\"\" class=\"wp-image-5903\" srcset=\"https:\/\/www.blogs.unicamp.br\/zero\/wp-content\/uploads\/sites\/187\/2024\/11\/volume-11-656x1024.jpg 656w, https:\/\/www.blogs.unicamp.br\/zero\/wp-content\/uploads\/sites\/187\/2024\/11\/volume-11-192x300.jpg 192w, https:\/\/www.blogs.unicamp.br\/zero\/wp-content\/uploads\/sites\/187\/2024\/11\/volume-11-768x1200.jpg 768w, https:\/\/www.blogs.unicamp.br\/zero\/wp-content\/uploads\/sites\/187\/2024\/11\/volume-11-983x1536.jpg 983w, https:\/\/www.blogs.unicamp.br\/zero\/wp-content\/uploads\/sites\/187\/2024\/11\/volume-11-500x781.jpg 500w, https:\/\/www.blogs.unicamp.br\/zero\/wp-content\/uploads\/sites\/187\/2024\/11\/volume-11-800x1250.jpg 800w, https:\/\/www.blogs.unicamp.br\/zero\/wp-content\/uploads\/sites\/187\/2024\/11\/volume-11.jpg 1000w\" sizes=\"(max-width: 656px) 100vw, 656px\" \/><\/a><figcaption class=\"wp-element-caption\"><strong><a href=\"https:\/\/drive.google.com\/drive\/folders\/1RBzCS5rXdfDRr0gm_DirdYoBxbfsLtO0?usp=sharing\" data-type=\"link\" data-id=\"https:\/\/drive.google.com\/drive\/folders\/1RBzCS5rXdfDRr0gm_DirdYoBxbfsLtO0?usp=sharing\">V11&nbsp;&#8211; 2024.1<\/a><\/strong><\/figcaption><\/figure>\n<\/div>\n\n\n\n<div class=\"wp-block-column eplus-wrapper is-layout-flow wp-block-column-is-layout-flow\">\n<figure class=\" wp-block-image size-large eplus-wrapper\"><a href=\"https:\/\/drive.google.com\/drive\/folders\/1gJoM6e5EzBJnc7gZPclWrpfWRdyK7lur?usp=sharing\"><img loading=\"lazy\" decoding=\"async\" width=\"656\" height=\"1024\" src=\"https:\/\/www.blogs.unicamp.br\/zero\/wp-content\/uploads\/sites\/187\/2024\/12\/volume-12-656x1024.jpg\" alt=\"\" class=\"wp-image-5964\" srcset=\"https:\/\/www.blogs.unicamp.br\/zero\/wp-content\/uploads\/sites\/187\/2024\/12\/volume-12-656x1024.jpg 656w, https:\/\/www.blogs.unicamp.br\/zero\/wp-content\/uploads\/sites\/187\/2024\/12\/volume-12-192x300.jpg 192w, https:\/\/www.blogs.unicamp.br\/zero\/wp-content\/uploads\/sites\/187\/2024\/12\/volume-12-768x1200.jpg 768w, https:\/\/www.blogs.unicamp.br\/zero\/wp-content\/uploads\/sites\/187\/2024\/12\/volume-12-983x1536.jpg 983w, https:\/\/www.blogs.unicamp.br\/zero\/wp-content\/uploads\/sites\/187\/2024\/12\/volume-12-500x781.jpg 500w, https:\/\/www.blogs.unicamp.br\/zero\/wp-content\/uploads\/sites\/187\/2024\/12\/volume-12-800x1250.jpg 800w, https:\/\/www.blogs.unicamp.br\/zero\/wp-content\/uploads\/sites\/187\/2024\/12\/volume-12.jpg 1000w\" sizes=\"(max-width: 656px) 100vw, 656px\" \/><\/a><figcaption class=\"wp-element-caption\"><strong><a href=\"https:\/\/drive.google.com\/drive\/folders\/1gJoM6e5EzBJnc7gZPclWrpfWRdyK7lur?usp=sharing\">V12 &#8211; 2024.2<\/a><\/strong><\/figcaption><\/figure>\n<\/div>\n<\/div>\n\n\n\n<p class=\" eplus-wrapper\"><\/p>\n","protected":false},"excerpt":{"rendered":"<p>O blog Zero, ativo desde 1\u00ba de Junho de 2019, procura reproduzir a est\u00e9tica de terminais de comando (tela preta<\/p>\n","protected":false},"author":434,"featured_media":0,"parent":0,"menu_order":0,"comment_status":"closed","ping_status":"closed","template":"","meta":{"colormag_page_container_layout":"default_layout","colormag_page_sidebar_layout":"default_layout","_monsterinsights_skip_tracking":false,"_monsterinsights_sitenote_active":false,"_monsterinsights_sitenote_note":"","_monsterinsights_sitenote_category":0,"pgc_sgb_lightbox_settings":"","_vp_format_video_url":"","_vp_image_focal_point":[],"footnotes":""},"class_list":["post-3921","page","type-page","status-publish","hentry"],"_links":{"self":[{"href":"https:\/\/www.blogs.unicamp.br\/zero\/wp-json\/wp\/v2\/pages\/3921","targetHints":{"allow":["GET"]}}],"collection":[{"href":"https:\/\/www.blogs.unicamp.br\/zero\/wp-json\/wp\/v2\/pages"}],"about":[{"href":"https:\/\/www.blogs.unicamp.br\/zero\/wp-json\/wp\/v2\/types\/page"}],"author":[{"embeddable":true,"href":"https:\/\/www.blogs.unicamp.br\/zero\/wp-json\/wp\/v2\/users\/434"}],"replies":[{"embeddable":true,"href":"https:\/\/www.blogs.unicamp.br\/zero\/wp-json\/wp\/v2\/comments?post=3921"}],"version-history":[{"count":28,"href":"https:\/\/www.blogs.unicamp.br\/zero\/wp-json\/wp\/v2\/pages\/3921\/revisions"}],"predecessor-version":[{"id":5967,"href":"https:\/\/www.blogs.unicamp.br\/zero\/wp-json\/wp\/v2\/pages\/3921\/revisions\/5967"}],"wp:attachment":[{"href":"https:\/\/www.blogs.unicamp.br\/zero\/wp-json\/wp\/v2\/media?parent=3921"}],"curies":[{"name":"wp","href":"https:\/\/api.w.org\/{rel}","templated":true}]}}